{"id":99,"date":"2020-09-07T07:25:35","date_gmt":"2020-09-07T07:25:35","guid":{"rendered":"https:\/\/xab.pl\/autor-tekstow-copywriter\/work\/"},"modified":"2022-06-06T10:55:52","modified_gmt":"2022-06-06T08:55:52","slug":"work","status":"publish","type":"page","link":"https:\/\/xab.pl\/autor-tekstow-copywriter\/work\/","title":{"rendered":"Work"},"content":{"rendered":"\t\t<div data-elementor-type=\"wp-page\" data-elementor-id=\"99\" class=\"elementor elementor-99\">\n\t\t\t\t\t\t\t\t\t<section class=\"elementor-section elementor-top-section elementor-element elementor-element-1d5dd72 elementor-section-boxed elementor-section-height-default elementor-section-height-default\" data-id=\"1d5dd72\" data-element_type=\"section\" data-settings=\"{&quot;background_background&quot;:&quot;classic&quot;}\">\n\t\t\t\t\t\t<div class=\"elementor-container elementor-column-gap-no\">\n\t\t\t\t\t<div class=\"elementor-column elementor-col-100 elementor-top-column elementor-element elementor-element-4213b27\" data-id=\"4213b27\" data-element_type=\"column\">\n\t\t\t<div class=\"elementor-widget-wrap elementor-element-populated\">\n\t\t\t\t\t\t\t\t<div class=\"elementor-element elementor-element-b05a728 elementor-widget elementor-widget-heading\" data-id=\"b05a728\" data-element_type=\"widget\" data-widget_type=\"heading.default\">\n\t\t\t\t<div class=\"elementor-widget-container\">\n\t\t\t<style>\/*! elementor - v3.6.7 - 03-07-2022 *\/\n.elementor-heading-title{padding:0;margin:0;line-height:1}.elementor-widget-heading .elementor-heading-title[class*=elementor-size-]>a{color:inherit;font-size:inherit;line-height:inherit}.elementor-widget-heading .elementor-heading-title.elementor-size-small{font-size:15px}.elementor-widget-heading .elementor-heading-title.elementor-size-medium{font-size:19px}.elementor-widget-heading .elementor-heading-title.elementor-size-large{font-size:29px}.elementor-widget-heading .elementor-heading-title.elementor-size-xl{font-size:39px}.elementor-widget-heading .elementor-heading-title.elementor-size-xxl{font-size:59px}<\/style><h1 class=\"elementor-heading-title elementor-size-default\">Tworze kopie \u017ceby zapewni\u0107 klientowi najlepsze korzy\u015bci.<\/h1>\t\t<\/div>\n\t\t\t\t<\/div>\n\t\t\t\t\t<\/div>\n\t\t<\/div>\n\t\t\t\t\t\t\t<\/div>\n\t\t<\/section>\n\t\t\t\t<section class=\"elementor-section elementor-top-section elementor-element elementor-element-a66bd80 elementor-section-boxed elementor-section-height-default elementor-section-height-default\" data-id=\"a66bd80\" data-element_type=\"section\" data-settings=\"{&quot;background_background&quot;:&quot;classic&quot;}\">\n\t\t\t\t\t\t<div class=\"elementor-container elementor-column-gap-no\">\n\t\t\t\t\t<div class=\"elementor-column elementor-col-100 elementor-top-column elementor-element elementor-element-82b1a1f\" data-id=\"82b1a1f\" data-element_type=\"column\">\n\t\t\t<div class=\"elementor-widget-wrap elementor-element-populated\">\n\t\t\t\t\t\t\t\t<section class=\"elementor-section elementor-inner-section elementor-element elementor-element-d87109f elementor-section-boxed elementor-section-height-default elementor-section-height-default\" data-id=\"d87109f\" data-element_type=\"section\">\n\t\t\t\t\t\t<div class=\"elementor-container elementor-column-gap-no\">\n\t\t\t\t\t<div class=\"elementor-column elementor-col-33 elementor-inner-column elementor-element elementor-element-c3c3133\" data-id=\"c3c3133\" data-element_type=\"column\">\n\t\t\t<div class=\"elementor-widget-wrap elementor-element-populated\">\n\t\t\t\t\t\t\t\t<div class=\"elementor-element elementor-element-e9c44ba elementor-widget__width-initial elementor-widget elementor-widget-heading\" data-id=\"e9c44ba\" data-element_type=\"widget\" data-widget_type=\"heading.default\">\n\t\t\t\t<div class=\"elementor-widget-container\">\n\t\t\t<h5 class=\"elementor-heading-title elementor-size-default\">01<\/h5>\t\t<\/div>\n\t\t\t\t<\/div>\n\t\t\t\t<div class=\"elementor-element elementor-element-054c12a elementor-widget__width-initial elementor-widget elementor-widget-heading\" data-id=\"054c12a\" data-element_type=\"widget\" data-widget_type=\"heading.default\">\n\t\t\t\t<div class=\"elementor-widget-container\">\n\t\t\t<h5 class=\"elementor-heading-title elementor-size-default\">\/03<\/h5>\t\t<\/div>\n\t\t\t\t<\/div>\n\t\t\t\t<div class=\"elementor-element elementor-element-505fb1b elementor-widget elementor-widget-heading\" data-id=\"505fb1b\" data-element_type=\"widget\" data-widget_type=\"heading.default\">\n\t\t\t\t<div class=\"elementor-widget-container\">\n\t\t\t<h2 class=\"elementor-heading-title elementor-size-default\">Blogowanie\/SEO<\/h2>\t\t<\/div>\n\t\t\t\t<\/div>\n\t\t\t\t<div class=\"elementor-element elementor-element-7d541b8 elementor-widget elementor-widget-text-editor\" data-id=\"7d541b8\" data-element_type=\"widget\" data-widget_type=\"text-editor.default\">\n\t\t\t\t<div class=\"elementor-widget-container\">\n\t\t\t<style>\/*! elementor - v3.6.7 - 03-07-2022 *\/\n.elementor-widget-text-editor.elementor-drop-cap-view-stacked .elementor-drop-cap{background-color:#818a91;color:#fff}.elementor-widget-text-editor.elementor-drop-cap-view-framed .elementor-drop-cap{color:#818a91;border:3px solid;background-color:transparent}.elementor-widget-text-editor:not(.elementor-drop-cap-view-default) .elementor-drop-cap{margin-top:8px}.elementor-widget-text-editor:not(.elementor-drop-cap-view-default) .elementor-drop-cap-letter{width:1em;height:1em}.elementor-widget-text-editor .elementor-drop-cap{float:left;text-align:center;line-height:1;font-size:50px}.elementor-widget-text-editor .elementor-drop-cap-letter{display:inline-block}<\/style>\t\t\t\t<p>Blogowanie SEO jest po\u015bwi\u0119cone dziedzinie pozycjonowania stron www, audytom, konsultacjom i szkoleniom.\u00a0<\/p>\t\t\t\t\t\t<\/div>\n\t\t\t\t<\/div>\n\t\t\t\t\t<\/div>\n\t\t<\/div>\n\t\t\t\t<div class=\"elementor-column elementor-col-33 elementor-inner-column elementor-element elementor-element-fd1c594\" data-id=\"fd1c594\" data-element_type=\"column\">\n\t\t\t<div class=\"elementor-widget-wrap elementor-element-populated\">\n\t\t\t\t\t\t\t\t<div class=\"elementor-element elementor-element-6f4f2d8 elementor-widget elementor-widget-image\" data-id=\"6f4f2d8\" data-element_type=\"widget\" data-widget_type=\"image.default\">\n\t\t\t\t<div class=\"elementor-widget-container\">\n\t\t\t<style>\/*! elementor - v3.6.7 - 03-07-2022 *\/\n.elementor-widget-image{text-align:center}.elementor-widget-image a{display:inline-block}.elementor-widget-image a img[src$=\".svg\"]{width:48px}.elementor-widget-image img{vertical-align:middle;display:inline-block}<\/style>\t\t\t\t\t\t\t\t\t\t\t\t<img width=\"640\" height=\"640\" src=\"https:\/\/xab.pl\/autor-tekstow-copywriter\/wp-content\/uploads\/sites\/35\/2020\/09\/copywriter-article-work-sample-1.jpg\" class=\"attachment-full size-full\" alt=\"\" loading=\"lazy\" srcset=\"https:\/\/xab.pl\/autor-tekstow-copywriter\/wp-content\/uploads\/sites\/35\/2020\/09\/copywriter-article-work-sample-1.jpg 640w, https:\/\/xab.pl\/autor-tekstow-copywriter\/wp-content\/uploads\/sites\/35\/2020\/09\/copywriter-article-work-sample-1-300x300.jpg 300w, https:\/\/xab.pl\/autor-tekstow-copywriter\/wp-content\/uploads\/sites\/35\/2020\/09\/copywriter-article-work-sample-1-150x150.jpg 150w\" sizes=\"(max-width: 640px) 100vw, 640px\" \/>\t\t\t\t\t\t\t\t\t\t\t\t\t\t\t<\/div>\n\t\t\t\t<\/div>\n\t\t\t\t\t<\/div>\n\t\t<\/div>\n\t\t\t\t<div class=\"elementor-column elementor-col-33 elementor-inner-column elementor-element elementor-element-f80fc9c\" data-id=\"f80fc9c\" data-element_type=\"column\">\n\t\t\t<div class=\"elementor-widget-wrap elementor-element-populated\">\n\t\t\t\t\t\t\t\t<div class=\"elementor-element elementor-element-4a89314 elementor-widget elementor-widget-image\" data-id=\"4a89314\" data-element_type=\"widget\" data-widget_type=\"image.default\">\n\t\t\t\t<div class=\"elementor-widget-container\">\n\t\t\t\t\t\t\t\t\t\t\t\t\t\t\t<img width=\"640\" height=\"640\" src=\"https:\/\/xab.pl\/autor-tekstow-copywriter\/wp-content\/uploads\/sites\/35\/2020\/09\/copywriter-tech-work-sample-1.jpg\" class=\"attachment-full size-full\" alt=\"\" loading=\"lazy\" srcset=\"https:\/\/xab.pl\/autor-tekstow-copywriter\/wp-content\/uploads\/sites\/35\/2020\/09\/copywriter-tech-work-sample-1.jpg 640w, https:\/\/xab.pl\/autor-tekstow-copywriter\/wp-content\/uploads\/sites\/35\/2020\/09\/copywriter-tech-work-sample-1-300x300.jpg 300w, https:\/\/xab.pl\/autor-tekstow-copywriter\/wp-content\/uploads\/sites\/35\/2020\/09\/copywriter-tech-work-sample-1-150x150.jpg 150w\" sizes=\"(max-width: 640px) 100vw, 640px\" \/>\t\t\t\t\t\t\t\t\t\t\t\t\t\t\t<\/div>\n\t\t\t\t<\/div>\n\t\t\t\t\t<\/div>\n\t\t<\/div>\n\t\t\t\t\t\t\t<\/div>\n\t\t<\/section>\n\t\t\t\t<section class=\"elementor-section elementor-inner-section elementor-element elementor-element-8952c3c elementor-section-boxed elementor-section-height-default elementor-section-height-default\" data-id=\"8952c3c\" data-element_type=\"section\">\n\t\t\t\t\t\t<div class=\"elementor-container elementor-column-gap-no\">\n\t\t\t\t\t<div class=\"elementor-column elementor-col-33 elementor-inner-column elementor-element elementor-element-6ca6a9d\" data-id=\"6ca6a9d\" data-element_type=\"column\">\n\t\t\t<div class=\"elementor-widget-wrap elementor-element-populated\">\n\t\t\t\t\t\t\t\t<div class=\"elementor-element elementor-element-296a1b9 elementor-widget__width-initial elementor-widget elementor-widget-heading\" data-id=\"296a1b9\" data-element_type=\"widget\" data-widget_type=\"heading.default\">\n\t\t\t\t<div class=\"elementor-widget-container\">\n\t\t\t<h5 class=\"elementor-heading-title elementor-size-default\">02<\/h5>\t\t<\/div>\n\t\t\t\t<\/div>\n\t\t\t\t<div class=\"elementor-element elementor-element-6a2cc85 elementor-widget__width-initial elementor-widget elementor-widget-heading\" data-id=\"6a2cc85\" data-element_type=\"widget\" data-widget_type=\"heading.default\">\n\t\t\t\t<div class=\"elementor-widget-container\">\n\t\t\t<h5 class=\"elementor-heading-title elementor-size-default\">\/03<\/h5>\t\t<\/div>\n\t\t\t\t<\/div>\n\t\t\t\t<div class=\"elementor-element elementor-element-d622ef2 elementor-widget elementor-widget-heading\" data-id=\"d622ef2\" data-element_type=\"widget\" data-widget_type=\"heading.default\">\n\t\t\t\t<div class=\"elementor-widget-container\">\n\t\t\t<h2 class=\"elementor-heading-title elementor-size-default\">Kampania Marketingowa<\/h2>\t\t<\/div>\n\t\t\t\t<\/div>\n\t\t\t\t<div class=\"elementor-element elementor-element-ca4cb0e elementor-widget elementor-widget-text-editor\" data-id=\"ca4cb0e\" data-element_type=\"widget\" data-widget_type=\"text-editor.default\">\n\t\t\t\t<div class=\"elementor-widget-container\">\n\t\t\t\t\t\t\t<p>Jak ju\u017c wiemy w dzisiejszych czasach reklama stanowi nieod\u0142\u0105czny element sprzeda\u017cy, wi\u0119c zadbam o to by ka\u017cdy Tw\u00f3j wymy\u015blony tekst b\u0105d\u017a opis jakiego\u015b produktu stanowi\u0142 reklam\u0119 i budowa\u0142 pozytywny wizerunek.<\/p>\t\t\t\t\t\t<\/div>\n\t\t\t\t<\/div>\n\t\t\t\t\t<\/div>\n\t\t<\/div>\n\t\t\t\t<div class=\"elementor-column elementor-col-33 elementor-inner-column elementor-element elementor-element-f2ee63d\" data-id=\"f2ee63d\" data-element_type=\"column\">\n\t\t\t<div class=\"elementor-widget-wrap elementor-element-populated\">\n\t\t\t\t\t\t\t\t<div class=\"elementor-element elementor-element-fa81af8 elementor-widget elementor-widget-image\" data-id=\"fa81af8\" data-element_type=\"widget\" data-widget_type=\"image.default\">\n\t\t\t\t<div class=\"elementor-widget-container\">\n\t\t\t\t\t\t\t\t\t\t\t\t\t\t\t<img width=\"640\" height=\"640\" src=\"https:\/\/xab.pl\/autor-tekstow-copywriter\/wp-content\/uploads\/sites\/35\/2020\/09\/copywriter-campaign-work-sample-1.jpg\" class=\"attachment-full size-full\" alt=\"\" loading=\"lazy\" srcset=\"https:\/\/xab.pl\/autor-tekstow-copywriter\/wp-content\/uploads\/sites\/35\/2020\/09\/copywriter-campaign-work-sample-1.jpg 640w, https:\/\/xab.pl\/autor-tekstow-copywriter\/wp-content\/uploads\/sites\/35\/2020\/09\/copywriter-campaign-work-sample-1-300x300.jpg 300w, https:\/\/xab.pl\/autor-tekstow-copywriter\/wp-content\/uploads\/sites\/35\/2020\/09\/copywriter-campaign-work-sample-1-150x150.jpg 150w\" sizes=\"(max-width: 640px) 100vw, 640px\" \/>\t\t\t\t\t\t\t\t\t\t\t\t\t\t\t<\/div>\n\t\t\t\t<\/div>\n\t\t\t\t\t<\/div>\n\t\t<\/div>\n\t\t\t\t<div class=\"elementor-column elementor-col-33 elementor-inner-column elementor-element elementor-element-5d0bd2b\" data-id=\"5d0bd2b\" data-element_type=\"column\">\n\t\t\t<div class=\"elementor-widget-wrap elementor-element-populated\">\n\t\t\t\t\t\t\t\t<div class=\"elementor-element elementor-element-57e1156 elementor-widget elementor-widget-image\" data-id=\"57e1156\" data-element_type=\"widget\" data-widget_type=\"image.default\">\n\t\t\t\t<div class=\"elementor-widget-container\">\n\t\t\t\t\t\t\t\t\t\t\t\t\t\t\t<img width=\"1280\" height=\"853\" src=\"https:\/\/xab.pl\/autor-tekstow-copywriter\/wp-content\/uploads\/sites\/35\/2022\/06\/networks-pleasure-people-3719881.jpg\" class=\"attachment-full size-full\" alt=\"networks, pleasure, people-3719881.jpg\" loading=\"lazy\" srcset=\"https:\/\/xab.pl\/autor-tekstow-copywriter\/wp-content\/uploads\/sites\/35\/2022\/06\/networks-pleasure-people-3719881.jpg 1280w, https:\/\/xab.pl\/autor-tekstow-copywriter\/wp-content\/uploads\/sites\/35\/2022\/06\/networks-pleasure-people-3719881-300x200.jpg 300w, https:\/\/xab.pl\/autor-tekstow-copywriter\/wp-content\/uploads\/sites\/35\/2022\/06\/networks-pleasure-people-3719881-1024x682.jpg 1024w, https:\/\/xab.pl\/autor-tekstow-copywriter\/wp-content\/uploads\/sites\/35\/2022\/06\/networks-pleasure-people-3719881-768x512.jpg 768w\" sizes=\"(max-width: 1280px) 100vw, 1280px\" \/>\t\t\t\t\t\t\t\t\t\t\t\t\t\t\t<\/div>\n\t\t\t\t<\/div>\n\t\t\t\t\t<\/div>\n\t\t<\/div>\n\t\t\t\t\t\t\t<\/div>\n\t\t<\/section>\n\t\t\t\t<section class=\"elementor-section elementor-inner-section elementor-element elementor-element-5331105 elementor-section-boxed elementor-section-height-default elementor-section-height-default\" data-id=\"5331105\" data-element_type=\"section\">\n\t\t\t\t\t\t<div class=\"elementor-container elementor-column-gap-no\">\n\t\t\t\t\t<div class=\"elementor-column elementor-col-33 elementor-inner-column elementor-element elementor-element-df6cc9f\" data-id=\"df6cc9f\" data-element_type=\"column\">\n\t\t\t<div class=\"elementor-widget-wrap elementor-element-populated\">\n\t\t\t\t\t\t\t\t<div class=\"elementor-element elementor-element-cc6ad48 elementor-widget__width-initial elementor-widget elementor-widget-heading\" data-id=\"cc6ad48\" data-element_type=\"widget\" data-widget_type=\"heading.default\">\n\t\t\t\t<div class=\"elementor-widget-container\">\n\t\t\t<h5 class=\"elementor-heading-title elementor-size-default\">03<\/h5>\t\t<\/div>\n\t\t\t\t<\/div>\n\t\t\t\t<div class=\"elementor-element elementor-element-9b7d491 elementor-widget__width-initial elementor-widget elementor-widget-heading\" data-id=\"9b7d491\" data-element_type=\"widget\" data-widget_type=\"heading.default\">\n\t\t\t\t<div class=\"elementor-widget-container\">\n\t\t\t<h5 class=\"elementor-heading-title elementor-size-default\">\/03<\/h5>\t\t<\/div>\n\t\t\t\t<\/div>\n\t\t\t\t<div class=\"elementor-element elementor-element-1ac1469 elementor-widget elementor-widget-heading\" data-id=\"1ac1469\" data-element_type=\"widget\" data-widget_type=\"heading.default\">\n\t\t\t\t<div class=\"elementor-widget-container\">\n\t\t\t<h2 class=\"elementor-heading-title elementor-size-default\">Prowadzenie Portali Spo\u0142eczno\u015bciowych<\/h2>\t\t<\/div>\n\t\t\t\t<\/div>\n\t\t\t\t<div class=\"elementor-element elementor-element-83871e0 elementor-widget elementor-widget-text-editor\" data-id=\"83871e0\" data-element_type=\"widget\" data-widget_type=\"text-editor.default\">\n\t\t\t\t<div class=\"elementor-widget-container\">\n\t\t\t\t\t\t\t<p>Prowadzenie konta na portalu spo\u0142eczno\u015bciowym mo\u017ce by\u0107 bardzo przydatne podczas prowadzenia swojej dzia\u0142alno\u015bci, bo tre\u015bci kt\u00f3re tam si\u0119\u00a0 pojawiaj\u0105 mog\u0105\u00a0 by\u0107 rozpowszechniane nawet na ca\u0142y \u015bwiat.<\/p>\t\t\t\t\t\t<\/div>\n\t\t\t\t<\/div>\n\t\t\t\t\t<\/div>\n\t\t<\/div>\n\t\t\t\t<div class=\"elementor-column elementor-col-33 elementor-inner-column elementor-element elementor-element-09cd912\" data-id=\"09cd912\" data-element_type=\"column\">\n\t\t\t<div class=\"elementor-widget-wrap elementor-element-populated\">\n\t\t\t\t\t\t\t\t<div class=\"elementor-element elementor-element-e2d72cd elementor-widget elementor-widget-image\" data-id=\"e2d72cd\" data-element_type=\"widget\" data-widget_type=\"image.default\">\n\t\t\t\t<div class=\"elementor-widget-container\">\n\t\t\t\t\t\t\t\t\t\t\t\t\t\t\t<img width=\"1280\" height=\"853\" src=\"https:\/\/xab.pl\/autor-tekstow-copywriter\/wp-content\/uploads\/sites\/35\/2022\/06\/home-office-person-work-4996834.jpg\" class=\"attachment-full size-full\" alt=\"home office, person, work-4996834.jpg\" loading=\"lazy\" srcset=\"https:\/\/xab.pl\/autor-tekstow-copywriter\/wp-content\/uploads\/sites\/35\/2022\/06\/home-office-person-work-4996834.jpg 1280w, https:\/\/xab.pl\/autor-tekstow-copywriter\/wp-content\/uploads\/sites\/35\/2022\/06\/home-office-person-work-4996834-300x200.jpg 300w, https:\/\/xab.pl\/autor-tekstow-copywriter\/wp-content\/uploads\/sites\/35\/2022\/06\/home-office-person-work-4996834-1024x682.jpg 1024w, https:\/\/xab.pl\/autor-tekstow-copywriter\/wp-content\/uploads\/sites\/35\/2022\/06\/home-office-person-work-4996834-768x512.jpg 768w\" sizes=\"(max-width: 1280px) 100vw, 1280px\" \/>\t\t\t\t\t\t\t\t\t\t\t\t\t\t\t<\/div>\n\t\t\t\t<\/div>\n\t\t\t\t\t<\/div>\n\t\t<\/div>\n\t\t\t\t<div class=\"elementor-column elementor-col-33 elementor-inner-column elementor-element elementor-element-8522e30\" data-id=\"8522e30\" data-element_type=\"column\">\n\t\t\t<div class=\"elementor-widget-wrap elementor-element-populated\">\n\t\t\t\t\t\t\t\t<div class=\"elementor-element elementor-element-67cda95 elementor-widget elementor-widget-image\" data-id=\"67cda95\" data-element_type=\"widget\" data-widget_type=\"image.default\">\n\t\t\t\t<div class=\"elementor-widget-container\">\n\t\t\t\t\t\t\t\t\t\t\t\t\t\t\t<img width=\"1280\" height=\"960\" src=\"https:\/\/xab.pl\/autor-tekstow-copywriter\/wp-content\/uploads\/sites\/35\/2022\/06\/web-design-laptop-html-2038872.jpg\" class=\"attachment-full size-full\" alt=\"web design, laptop, html-2038872.jpg\" loading=\"lazy\" srcset=\"https:\/\/xab.pl\/autor-tekstow-copywriter\/wp-content\/uploads\/sites\/35\/2022\/06\/web-design-laptop-html-2038872.jpg 1280w, https:\/\/xab.pl\/autor-tekstow-copywriter\/wp-content\/uploads\/sites\/35\/2022\/06\/web-design-laptop-html-2038872-300x225.jpg 300w, https:\/\/xab.pl\/autor-tekstow-copywriter\/wp-content\/uploads\/sites\/35\/2022\/06\/web-design-laptop-html-2038872-1024x768.jpg 1024w, https:\/\/xab.pl\/autor-tekstow-copywriter\/wp-content\/uploads\/sites\/35\/2022\/06\/web-design-laptop-html-2038872-768x576.jpg 768w\" sizes=\"(max-width: 1280px) 100vw, 1280px\" \/>\t\t\t\t\t\t\t\t\t\t\t\t\t\t\t<\/div>\n\t\t\t\t<\/div>\n\t\t\t\t\t<\/div>\n\t\t<\/div>\n\t\t\t\t\t\t\t<\/div>\n\t\t<\/section>\n\t\t\t\t\t<\/div>\n\t\t<\/div>\n\t\t\t\t\t\t\t<\/div>\n\t\t<\/section>\n\t\t\t\t\t\t\t<\/div>\n\t\t","protected":false},"excerpt":{"rendered":"<p>Tworze kopie \u017ceby zapewni\u0107 klientowi najlepsze korzy\u015bci. 01 \/03 Blogowanie\/SEO Blogowanie SEO jest po\u015bwi\u0119cone dziedzinie pozycjonowania stron www, audytom, konsultacjom i szkoleniom.\u00a0 02 \/03 Kampania Marketingowa Jak ju\u017c wiemy w dzisiejszych czasach reklama stanowi nieod\u0142\u0105czny element sprzeda\u017cy, wi\u0119c zadbam o to by ka\u017cdy Tw\u00f3j wymy\u015blony tekst b\u0105d\u017a opis jakiego\u015b produktu stanowi\u0142 reklam\u0119 i budowa\u0142 pozytywny &hellip;<\/p>\n<p class=\"read-more\"> <a class=\"\" href=\"https:\/\/xab.pl\/autor-tekstow-copywriter\/work\/\"> <span class=\"screen-reader-text\">Work<\/span> Czytaj dalej &raquo;<\/a><\/p>\n","protected":false},"author":1,"featured_media":0,"parent":0,"menu_order":0,"comment_status":"closed","ping_status":"closed","template":"","meta":{"_uag_custom_page_level_css":"","site-sidebar-layout":"no-sidebar","site-content-layout":"page-builder","ast-global-header-display":"","ast-main-header-display":"","ast-hfb-above-header-display":"","ast-hfb-below-header-display":"","ast-hfb-mobile-header-display":"","site-post-title":"disabled","ast-breadcrumbs-content":"","ast-featured-img":"disabled","footer-sml-layout":"","theme-transparent-header-meta":"enabled","adv-header-id-meta":"","stick-header-meta":"","header-above-stick-meta":"","header-main-stick-meta":"","header-below-stick-meta":""},"uagb_featured_image_src":{"full":false,"thumbnail":false,"medium":false,"medium_large":false,"large":false,"1536x1536":false,"2048x2048":false},"uagb_author_info":{"display_name":"admin","author_link":"https:\/\/xab.pl\/autor-tekstow-copywriter\/author\/admin\/"},"uagb_comment_info":0,"uagb_excerpt":"Tworze kopie \u017ceby zapewni\u0107 klientowi najlepsze korzy\u015bci. 01 \/03 Blogowanie\/SEO Blogowanie SEO jest po\u015bwi\u0119cone dziedzinie pozycjonowania stron www, audytom, konsultacjom i szkoleniom.\u00a0 02 \/03 Kampania Marketingowa Jak ju\u017c wiemy w dzisiejszych czasach reklama stanowi nieod\u0142\u0105czny element sprzeda\u017cy, wi\u0119c zadbam o to by ka\u017cdy Tw\u00f3j wymy\u015blony tekst b\u0105d\u017a opis jakiego\u015b produktu stanowi\u0142 reklam\u0119 i budowa\u0142 pozytywny&hellip;","_links":{"self":[{"href":"https:\/\/xab.pl\/autor-tekstow-copywriter\/wp-json\/wp\/v2\/pages\/99"}],"collection":[{"href":"https:\/\/xab.pl\/autor-tekstow-copywriter\/wp-json\/wp\/v2\/pages"}],"about":[{"href":"https:\/\/xab.pl\/autor-tekstow-copywriter\/wp-json\/wp\/v2\/types\/page"}],"author":[{"embeddable":true,"href":"https:\/\/xab.pl\/autor-tekstow-copywriter\/wp-json\/wp\/v2\/users\/1"}],"replies":[{"embeddable":true,"href":"https:\/\/xab.pl\/autor-tekstow-copywriter\/wp-json\/wp\/v2\/comments?post=99"}],"version-history":[{"count":10,"href":"https:\/\/xab.pl\/autor-tekstow-copywriter\/wp-json\/wp\/v2\/pages\/99\/revisions"}],"predecessor-version":[{"id":318,"href":"https:\/\/xab.pl\/autor-tekstow-copywriter\/wp-json\/wp\/v2\/pages\/99\/revisions\/318"}],"wp:attachment":[{"href":"https:\/\/xab.pl\/autor-tekstow-copywriter\/wp-json\/wp\/v2\/media?parent=99"}],"curies":[{"name":"wp","href":"https:\/\/api.w.org\/{rel}","templated":true}]}}